{"id":413,"date":"2023-09-05T18:40:25","date_gmt":"2023-09-05T16:40:25","guid":{"rendered":"https:\/\/alexandrediet.net\/?page_id=413"},"modified":"2024-08-15T18:16:31","modified_gmt":"2024-08-15T16:16:31","slug":"algorithmique-dnmade-3","status":"publish","type":"page","link":"https:\/\/alexandrediet.net\/index.php\/algorithmique-dnmade-3\/","title":{"rendered":"OLN DN MADe 3"},"content":{"rendered":"\n<div class=\"wp-block-file\"><a id=\"wp-block-file--media-e0b2f9dd-64cb-4ff6-9bed-0ff5b1bf92b8\" href=\"https:\/\/alexandrediet.net\/wp-content\/uploads\/2023\/10\/1-Introduction-au-HTML.pdf\" target=\"_blank\" rel=\"noreferrer noopener\">Cours 1 : Introduction au HTML<\/a><\/div>\n\n\n\n<div class=\"wp-block-file\"><a id=\"wp-block-file--media-3cf064f9-3eb7-43dd-b5c9-afc4a94c9bb5\" href=\"https:\/\/alexandrediet.net\/wp-content\/uploads\/2023\/10\/2-Les-elements-HTML.pdf\" target=\"_blank\" rel=\"noreferrer noopener\">Cours 2 : Les \u00e9l\u00e9ments HTML<\/a><\/div>\n\n\n\n<div class=\"wp-block-file\"><a id=\"wp-block-file--media-4753974f-9e19-4d7c-a200-433dd97b85c4\" href=\"https:\/\/alexandrediet.net\/wp-content\/uploads\/2024\/01\/3-Les-liens-hypertextes.pdf\" target=\"_blank\" rel=\"noreferrer noopener\">Cours 3 : Les liens hypertextes<\/a><\/div>\n\n\n\n<div class=\"wp-block-file\"><a id=\"wp-block-file--media-5ba52bc2-733d-4790-bb53-0f3d1e443799\" href=\"https:\/\/alexandrediet.net\/wp-content\/uploads\/2024\/01\/4-Les-images.pdf\" target=\"_blank\" rel=\"noreferrer noopener\">Cours 4 : Les images<\/a><\/div>\n\n\n\n<div class=\"wp-block-file\"><a id=\"wp-block-file--media-932ca369-015e-48cc-b53c-4e73455c62d8\" href=\"https:\/\/alexandrediet.net\/wp-content\/uploads\/2024\/01\/5-Introduction-a-CSS.pdf\" target=\"_blank\" rel=\"noreferrer noopener\">Cours 5 : Introduction \u00e0 CSS<\/a><\/div>\n\n\n\n<div class=\"wp-block-file\"><a id=\"wp-block-file--media-71628685-a9dd-428f-9dfd-5b55fa876ef9\" href=\"https:\/\/alexandrediet.net\/wp-content\/uploads\/2024\/01\/6-Fond-de-page-et-police.pdf\" target=\"_blank\" rel=\"noreferrer noopener\">Cours 6 : Fond de page et police<\/a><\/div>\n\n\n\n<div class=\"wp-block-file\"><a id=\"wp-block-file--media-890c7654-b41b-46a4-84fe-ff3499fbac58\" href=\"https:\/\/alexandrediet.net\/wp-content\/uploads\/2024\/01\/7-Selecteurs-CSS-et-premiers-elements-interactifs.pdf\" target=\"_blank\" rel=\"noreferrer noopener\">Cours 7 : S\u00e9lecteurs CSS et premiers \u00e9l\u00e9ments interactifs<\/a><\/div>\n","protected":false},"excerpt":{"rendered":"","protected":false},"author":1,"featured_media":0,"parent":0,"menu_order":0,"comment_status":"closed","ping_status":"closed","template":"","meta":{"footnotes":""},"class_list":["post-413","page","type-page","status-publish","hentry"],"_links":{"self":[{"href":"https:\/\/alexandrediet.net\/index.php\/wp-json\/wp\/v2\/pages\/413","targetHints":{"allow":["GET"]}}],"collection":[{"href":"https:\/\/alexandrediet.net\/index.php\/wp-json\/wp\/v2\/pages"}],"about":[{"href":"https:\/\/alexandrediet.net\/index.php\/wp-json\/wp\/v2\/types\/page"}],"author":[{"embeddable":true,"href":"https:\/\/alexandrediet.net\/index.php\/wp-json\/wp\/v2\/users\/1"}],"replies":[{"embeddable":true,"href":"https:\/\/alexandrediet.net\/index.php\/wp-json\/wp\/v2\/comments?post=413"}],"version-history":[{"count":4,"href":"https:\/\/alexandrediet.net\/index.php\/wp-json\/wp\/v2\/pages\/413\/revisions"}],"predecessor-version":[{"id":576,"href":"https:\/\/alexandrediet.net\/index.php\/wp-json\/wp\/v2\/pages\/413\/revisions\/576"}],"wp:attachment":[{"href":"https:\/\/alexandrediet.net\/index.php\/wp-json\/wp\/v2\/media?parent=413"}],"curies":[{"name":"wp","href":"https:\/\/api.w.org\/{rel}","templated":true}]}}