{"id":223,"date":"2022-06-18T17:07:42","date_gmt":"2022-06-18T15:07:42","guid":{"rendered":"https:\/\/alexandrediet.net\/?page_id=223"},"modified":"2026-03-24T16:59:32","modified_gmt":"2026-03-24T15:59:32","slug":"cours-et-td-de-physique-ats","status":"publish","type":"page","link":"https:\/\/alexandrediet.net\/index.php\/cours-et-td-de-physique-ats\/","title":{"rendered":"Cours et TD de physique ATS"},"content":{"rendered":"\n<p><a href=\"https:\/\/docs.google.com\/document\/d\/14zvBURXK1aMpB3W33TkWFBghgShj4L5E\/edit?usp=sharing&amp;ouid=113491274655924386769&amp;rtpof=true&amp;sd=true\" data-type=\"link\" data-id=\"https:\/\/docs.google.com\/document\/d\/14zvBURXK1aMpB3W33TkWFBghgShj4L5E\/edit?usp=sharing&amp;ouid=113491274655924386769&amp;rtpof=true&amp;sd=true\" target=\"_blank\" rel=\"noreferrer noopener\">Progression<\/a><\/p>\n\n\n\n<h2 class=\"wp-block-heading\"><strong>Outils pour la physique<\/strong> \u269b\ufe0f<\/h2>\n\n\n\n<div class=\"wp-block-file\"><a id=\"wp-block-file--media-e5646eff-0ec1-4a44-94ec-4a32a498825f\" href=\"https:\/\/alexandrediet.net\/wp-content\/uploads\/2023\/09\/TOC1.pdf\" target=\"_blank\" rel=\"noreferrer noopener\">Grandeurs et unit\u00e9s<\/a><\/div>\n\n\n\n<div class=\"wp-block-file\"><a id=\"wp-block-file--media-a94447d0-9465-4a7b-bccf-7b3699bf7818\" href=\"https:\/\/alexandrediet.net\/wp-content\/uploads\/2023\/12\/Resume-sur-les-incertitudes.pdf\" target=\"_blank\" rel=\"noreferrer noopener\">R\u00e9sum\u00e9 sur les incertitudes<\/a><\/div>\n\n\n\n<div class=\"wp-block-file\"><a id=\"wp-block-file--media-f8817b6c-4564-4217-aeb1-d234dee591f3\" href=\"https:\/\/alexandrediet.net\/wp-content\/uploads\/2023\/01\/Analyse-vectorielle.pdf\" target=\"_blank\" rel=\"noreferrer noopener\">Document d&rsquo;analyse vectorielle<\/a><\/div>\n\n\n\n<hr class=\"wp-block-separator has-alpha-channel-opacity\"\/>\n\n\n\n<h2 class=\"wp-block-heading\"><strong>Th\u00e8me 1 : \u00c9lectrocin\u00e9tique<\/strong> \ud83d\udd0b<\/h2>\n\n\n\n<p><strong>Contenus : <\/strong>Circuits en r\u00e9gime permanent, circuits en r\u00e9gime variable, circuits lin\u00e9aires du premier ordre, circuits lin\u00e9aires du deuxi\u00e8me ordre<\/p>\n\n\n\n<div class=\"wp-block-columns is-layout-flex wp-container-core-columns-is-layout-9d6595d7 wp-block-columns-is-layout-flex\">\n<div class=\"wp-block-column is-layout-flow wp-block-column-is-layout-flow\">\n<div class=\"wp-block-file\"><a id=\"wp-block-file--media-24b62274-f706-4bae-9012-0770f5ff7075\" href=\"https:\/\/alexandrediet.net\/wp-content\/uploads\/2025\/08\/Cours-T1.pdf\" target=\"_blank\" rel=\"noreferrer noopener\">\ud83d\udcd2 Cours \u00e0 compl\u00e9ter<\/a><\/div>\n<\/div>\n\n\n\n<div class=\"wp-block-column is-layout-flow wp-block-column-is-layout-flow\">\n<div class=\"wp-block-file\"><a id=\"wp-block-file--media-76c3237f-6dad-436e-8e27-e6b41daa8698\" href=\"https:\/\/alexandrediet.net\/wp-content\/uploads\/2025\/08\/T1-TD.pdf\" target=\"_blank\" rel=\"noreferrer noopener\">\ud83d\udcdd Travaux dirig\u00e9s<\/a><\/div>\n<\/div>\n<\/div>\n\n\n\n<div class=\"wp-block-columns is-layout-flex wp-container-core-columns-is-layout-9d6595d7 wp-block-columns-is-layout-flex\">\n<div class=\"wp-block-column is-layout-flow wp-block-column-is-layout-flow\">\n<div class=\"wp-block-file\"><a id=\"wp-block-file--media-7c1c7254-7e63-4f7f-828c-d5ee8b62b735\" href=\"https:\/\/alexandrediet.net\/wp-content\/uploads\/2025\/08\/1-Electrocinetique.pdf\" target=\"_blank\" rel=\"noreferrer noopener\">\ud83e\udde0 Fiche de r\u00e9visions<\/a><\/div>\n<\/div>\n\n\n\n<div class=\"wp-block-column is-layout-flow wp-block-column-is-layout-flow\">\n<div class=\"wp-block-file\"><a id=\"wp-block-file--media-e9c317a2-b193-4239-a199-c182bc638fb5\" href=\"https:\/\/alexandrediet.net\/wp-content\/uploads\/2025\/08\/QC-T1.pdf\" target=\"_blank\" rel=\"noreferrer noopener\">\u2753Questions de cours<\/a><\/div>\n<\/div>\n<\/div>\n\n\n\n<hr class=\"wp-block-separator has-alpha-channel-opacity\"\/>\n\n\n\n<h2 class=\"wp-block-heading\"><strong>Th\u00e8me 2 : Structure et transformations de la mati\u00e8re \u269b\ufe0f<\/strong><\/h2>\n\n\n\n<p><strong>Contenus : <\/strong>Description microscopique de la mati\u00e8re, transformation nucl\u00e9aires, physiques et chimiques<\/p>\n\n\n\n<div class=\"wp-block-columns is-layout-flex wp-container-core-columns-is-layout-9d6595d7 wp-block-columns-is-layout-flex\">\n<div class=\"wp-block-column is-layout-flow wp-block-column-is-layout-flow\">\n<div class=\"wp-block-file\"><a id=\"wp-block-file--media-28d63426-b976-42eb-9b33-b806565085c0\" href=\"https:\/\/alexandrediet.net\/wp-content\/uploads\/2025\/10\/Cours-T2.pdf\" target=\"_blank\" rel=\"noreferrer noopener\">\ud83d\udcd2 Cours \u00e0 compl\u00e9ter<\/a><\/div>\n<\/div>\n\n\n\n<div class=\"wp-block-column is-layout-flow wp-block-column-is-layout-flow\">\n<div class=\"wp-block-file\"><a id=\"wp-block-file--media-83a34fc0-3c2e-4de4-8207-c9ae00f0683a\" href=\"https:\/\/alexandrediet.net\/wp-content\/uploads\/2025\/10\/T2-TD.pdf\" target=\"_blank\" rel=\"noreferrer noopener\">\ud83d\udcdd Travaux dirig\u00e9s<\/a><\/div>\n<\/div>\n<\/div>\n\n\n\n<div class=\"wp-block-columns is-layout-flex wp-container-core-columns-is-layout-9d6595d7 wp-block-columns-is-layout-flex\">\n<div class=\"wp-block-column is-layout-flow wp-block-column-is-layout-flow\">\n<div class=\"wp-block-file\"><a id=\"wp-block-file--media-d12b1257-94cc-4113-8c33-cddf1ea8de31\" href=\"https:\/\/alexandrediet.net\/wp-content\/uploads\/2025\/10\/2-Structure-et-transformations-de-la-matiere.pdf\" target=\"_blank\" rel=\"noreferrer noopener\">\ud83e\udde0 Fiche de r\u00e9visions<\/a><\/div>\n<\/div>\n\n\n\n<div class=\"wp-block-column is-layout-flow wp-block-column-is-layout-flow\">\n<div class=\"wp-block-file\"><a id=\"wp-block-file--media-27b61590-4989-4419-b1d1-5c351971989d\" href=\"https:\/\/alexandrediet.net\/wp-content\/uploads\/2025\/10\/QC-T2.pdf\" target=\"_blank\" rel=\"noreferrer noopener\">\u2753Questions de cours<\/a><\/div>\n<\/div>\n<\/div>\n\n\n\n<hr class=\"wp-block-separator has-alpha-channel-opacity\"\/>\n\n\n\n<h2 class=\"wp-block-heading\"><strong>Th\u00e8me 3 : M\u00e9canique du point mat\u00e9riel \ud83c\udfc3\u200d\u2640\ufe0f\u200d\u27a1\ufe0f<\/strong><\/h2>\n\n\n\n<p><strong>Contenus : <\/strong>Mouvement d&rsquo;un point mat\u00e9riel, dynamique du point mat\u00e9riel (chutes libres, pentes, frottements, oscillations), \u00e9quilibre et stabilit\u00e9 d&rsquo;un point mat\u00e9riel, th\u00e9or\u00e8mes \u00e9nerg\u00e9tiques<\/p>\n\n\n\n<div class=\"wp-block-columns is-layout-flex wp-container-core-columns-is-layout-9d6595d7 wp-block-columns-is-layout-flex\">\n<div class=\"wp-block-column is-layout-flow wp-block-column-is-layout-flow\">\n<div class=\"wp-block-file\"><a id=\"wp-block-file--media-eb5e9ad9-6652-4daf-b51a-654c7e9073eb\" href=\"https:\/\/alexandrediet.net\/wp-content\/uploads\/2025\/10\/Cours-T3.pdf\" target=\"_blank\" rel=\"noreferrer noopener\">\ud83d\udcd2 Cours \u00e0 compl\u00e9ter<\/a><\/div>\n<\/div>\n\n\n\n<div class=\"wp-block-column is-layout-flow wp-block-column-is-layout-flow\">\n<div class=\"wp-block-file\"><a id=\"wp-block-file--media-df7eed30-d2ac-4cb0-ad6b-8ca7bb829018\" href=\"https:\/\/alexandrediet.net\/wp-content\/uploads\/2025\/10\/T3-TD.pdf\" target=\"_blank\" rel=\"noreferrer noopener\">\ud83d\udcdd Travaux dirig\u00e9s<\/a><\/div>\n<\/div>\n<\/div>\n\n\n\n<div class=\"wp-block-columns is-layout-flex wp-container-core-columns-is-layout-9d6595d7 wp-block-columns-is-layout-flex\">\n<div class=\"wp-block-column is-layout-flow wp-block-column-is-layout-flow\">\n<div class=\"wp-block-file\"><a id=\"wp-block-file--media-6ece38dc-da12-4e10-a96f-58a9dbf717b1\" href=\"https:\/\/alexandrediet.net\/wp-content\/uploads\/2025\/11\/3-Mecanique-du-point-materiel.pdf\" target=\"_blank\" rel=\"noreferrer noopener\">\ud83e\udde0 Fiche de r\u00e9visions<\/a><\/div>\n<\/div>\n\n\n\n<div class=\"wp-block-column is-layout-flow wp-block-column-is-layout-flow\">\n<div class=\"wp-block-file\"><a id=\"wp-block-file--media-5284111c-ac47-4672-84be-02c7b9781b43\" href=\"https:\/\/alexandrediet.net\/wp-content\/uploads\/2025\/12\/QC-T3.pdf\" target=\"_blank\" rel=\"noreferrer noopener\">\u2753Questions de cours<\/a><\/div>\n<\/div>\n<\/div>\n\n\n\n<hr class=\"wp-block-separator has-alpha-channel-opacity\"\/>\n\n\n\n<h2 class=\"wp-block-heading\"><strong>Th\u00e8me 4 : Bilans thermodynamiques <\/strong>\ud83c\udf21\ufe0f<\/h2>\n\n\n\n<p><strong>Contenus : <\/strong>Bilans d&rsquo;\u00e9nergie (premier principe de la thermodynamique), bilans d&rsquo;enthalpie (premier principe enthalpique)<\/p>\n\n\n\n<div class=\"wp-block-columns is-layout-flex wp-container-core-columns-is-layout-9d6595d7 wp-block-columns-is-layout-flex\">\n<div class=\"wp-block-column is-layout-flow wp-block-column-is-layout-flow\">\n<div class=\"wp-block-file\"><a id=\"wp-block-file--media-2ab306f3-d84f-4c8a-a674-e6095dcbef71\" href=\"https:\/\/alexandrediet.net\/wp-content\/uploads\/2025\/11\/Cours-T4.pdf\" target=\"_blank\" rel=\"noreferrer noopener\">\ud83d\udcd2 Cours \u00e0 compl\u00e9ter<\/a><\/div>\n<\/div>\n\n\n\n<div class=\"wp-block-column is-layout-flow wp-block-column-is-layout-flow\">\n<div class=\"wp-block-file\"><a id=\"wp-block-file--media-5a7f4ebe-9b17-4b2d-b965-421fdd007dbe\" href=\"https:\/\/alexandrediet.net\/wp-content\/uploads\/2025\/11\/T4-TD.pdf\" target=\"_blank\" rel=\"noreferrer noopener\">\ud83d\udcdd Travaux dirig\u00e9s<\/a><\/div>\n<\/div>\n<\/div>\n\n\n\n<div class=\"wp-block-columns is-layout-flex wp-container-core-columns-is-layout-9d6595d7 wp-block-columns-is-layout-flex\">\n<div class=\"wp-block-column is-layout-flow wp-block-column-is-layout-flow\">\n<div class=\"wp-block-file\"><a id=\"wp-block-file--media-8261bdb7-0376-4819-b8f9-40227771edd9\" href=\"https:\/\/alexandrediet.net\/wp-content\/uploads\/2025\/12\/4-Bilans-thermodynamiques.pdf\" target=\"_blank\" rel=\"noreferrer noopener\">\ud83e\udde0 Fiche de r\u00e9visions<\/a><\/div>\n<\/div>\n\n\n\n<div class=\"wp-block-column is-layout-flow wp-block-column-is-layout-flow\">\n<div class=\"wp-block-file\"><a id=\"wp-block-file--media-c617b503-cb05-4f35-bcd2-531a21f03d5b\" href=\"https:\/\/alexandrediet.net\/wp-content\/uploads\/2025\/11\/QC-T4.pdf\" target=\"_blank\" rel=\"noreferrer noopener\">\u2753Questions de cours<\/a><\/div>\n<\/div>\n<\/div>\n\n\n\n<hr class=\"wp-block-separator has-alpha-channel-opacity\"\/>\n\n\n\n<h2 class=\"wp-block-heading\"><strong>Th\u00e8me 5 : Circuits \u00e9lectriques en r\u00e9gime sinuso\u00efdal forc\u00e9<\/strong> \u3030\ufe0f<\/h2>\n\n\n\n<p><strong>Contenus : <\/strong>Dip\u00f4les en RSF, \u00e9nergie et puissance en RSF, r\u00e9sonance en courant<\/p>\n\n\n\n<div class=\"wp-block-columns is-layout-flex wp-container-core-columns-is-layout-9d6595d7 wp-block-columns-is-layout-flex\">\n<div class=\"wp-block-column is-layout-flow wp-block-column-is-layout-flow\">\n<div class=\"wp-block-file\"><a id=\"wp-block-file--media-13c63d59-be03-41b8-98e3-ebdee90c5e51\" href=\"https:\/\/alexandrediet.net\/wp-content\/uploads\/2025\/12\/Cours-T5.pdf\" target=\"_blank\" rel=\"noreferrer noopener\">\ud83d\udcd2 Cours \u00e0 compl\u00e9ter<\/a><\/div>\n<\/div>\n\n\n\n<div class=\"wp-block-column is-layout-flow wp-block-column-is-layout-flow\">\n<div class=\"wp-block-file\"><a id=\"wp-block-file--media-ebee7fdd-b7ee-4ea3-a657-e986d2781542\" href=\"https:\/\/alexandrediet.net\/wp-content\/uploads\/2025\/12\/T5-TD.pdf\" target=\"_blank\" rel=\"noreferrer noopener\">\ud83d\udcdd Travaux dirig\u00e9s<\/a><\/div>\n<\/div>\n<\/div>\n\n\n\n<div class=\"wp-block-columns is-layout-flex wp-container-core-columns-is-layout-9d6595d7 wp-block-columns-is-layout-flex\">\n<div class=\"wp-block-column is-layout-flow wp-block-column-is-layout-flow\">\n<div class=\"wp-block-file\"><a id=\"wp-block-file--media-d8ea949e-403d-4886-a970-71d6e2fad75e\" href=\"https:\/\/alexandrediet.net\/wp-content\/uploads\/2026\/01\/5-Circuits-electriques-en-regime-sinusoidal-force.pdf\" target=\"_blank\" rel=\"noreferrer noopener\">\ud83e\udde0 Fiche de r\u00e9visions<\/a><\/div>\n<\/div>\n\n\n\n<div class=\"wp-block-column is-layout-flow wp-block-column-is-layout-flow\">\n<div class=\"wp-block-file\"><a id=\"wp-block-file--media-8aa2cd30-0b56-4aca-ab10-fce49dcaf50d\" href=\"https:\/\/alexandrediet.net\/wp-content\/uploads\/2025\/12\/QC-T5.pdf\" target=\"_blank\" rel=\"noreferrer noopener\">\u2753Questions de cours<\/a><\/div>\n<\/div>\n<\/div>\n\n\n\n<hr class=\"wp-block-separator has-alpha-channel-opacity\"\/>\n\n\n\n<h2 class=\"wp-block-heading\"><strong>Th\u00e8me 6 : Thermodynamique industrielle<\/strong> \ud83d\udd25<\/h2>\n\n\n\n<p><strong>Contenus : <\/strong>Deuxi\u00e8me principe de la thermodynamique, machines cycliques dithermes en syst\u00e8me ferm\u00e9, machines thermiques en syst\u00e8me ouvert<\/p>\n\n\n\n<div class=\"wp-block-columns is-layout-flex wp-container-core-columns-is-layout-9d6595d7 wp-block-columns-is-layout-flex\">\n<div class=\"wp-block-column is-layout-flow wp-block-column-is-layout-flow\">\n<div class=\"wp-block-file\"><a id=\"wp-block-file--media-bfafc28a-ad0a-4117-ab0a-f8d3c65b1f77\" href=\"https:\/\/alexandrediet.net\/wp-content\/uploads\/2025\/12\/Cours-T6.pdf\" target=\"_blank\" rel=\"noreferrer noopener\">\ud83d\udcd2 Cours \u00e0 compl\u00e9ter<\/a><\/div>\n<\/div>\n\n\n\n<div class=\"wp-block-column is-layout-flow wp-block-column-is-layout-flow\">\n<div class=\"wp-block-file\"><a id=\"wp-block-file--media-de3d9c8b-1182-492e-8820-2a05a21a0012\" href=\"https:\/\/alexandrediet.net\/wp-content\/uploads\/2025\/12\/T6-TD.pdf\" target=\"_blank\" rel=\"noreferrer noopener\">\ud83d\udcdd Travaux dirig\u00e9s<\/a><\/div>\n<\/div>\n<\/div>\n\n\n\n<div class=\"wp-block-columns is-layout-flex wp-container-core-columns-is-layout-9d6595d7 wp-block-columns-is-layout-flex\">\n<div class=\"wp-block-column is-layout-flow wp-block-column-is-layout-flow\">\n<div class=\"wp-block-file\"><a id=\"wp-block-file--media-d0dfbca8-45a5-4727-850e-7a5f4fbad2a5\" href=\"https:\/\/alexandrediet.net\/wp-content\/uploads\/2026\/02\/6-Thermodynamique-industrielle.pdf\" target=\"_blank\" rel=\"noreferrer noopener\">\ud83e\udde0 Fiche de r\u00e9visions<\/a><\/div>\n<\/div>\n\n\n\n<div class=\"wp-block-column is-layout-flow wp-block-column-is-layout-flow\">\n<div class=\"wp-block-file\"><a id=\"wp-block-file--media-d2d7296e-d68f-4a7f-a270-6fbf9b01e767\" href=\"https:\/\/alexandrediet.net\/wp-content\/uploads\/2026\/01\/QC-T6.pdf\" target=\"_blank\" rel=\"noreferrer noopener\">\u2753Questions de cours<\/a><\/div>\n<\/div>\n<\/div>\n\n\n\n<hr class=\"wp-block-separator has-alpha-channel-opacity\"\/>\n\n\n\n<h2 class=\"wp-block-heading\"><strong>Th\u00e8me 7 : M\u00e9canique des fluides \ud83c\udf0a<\/strong><\/h2>\n\n\n\n<p><strong>Contenus :<\/strong> Statique des fluides, description d&rsquo;un fluide en \u00e9coulement, \u00e9nerg\u00e9tique d&rsquo;un fluide en \u00e9coulement<\/p>\n\n\n\n<div class=\"wp-block-columns is-layout-flex wp-container-core-columns-is-layout-9d6595d7 wp-block-columns-is-layout-flex\">\n<div class=\"wp-block-column is-layout-flow wp-block-column-is-layout-flow\">\n<div class=\"wp-block-file\"><a id=\"wp-block-file--media-84b6d36b-0bb4-4d4a-86fb-4849e41244cc\" href=\"https:\/\/alexandrediet.net\/wp-content\/uploads\/2026\/01\/Cours-T7-1.pdf\" target=\"_blank\" rel=\"noreferrer noopener\">\ud83d\udcd2 Cours \u00e0 compl\u00e9ter<\/a><\/div>\n<\/div>\n\n\n\n<div class=\"wp-block-column is-layout-flow wp-block-column-is-layout-flow\">\n<div class=\"wp-block-file\"><a id=\"wp-block-file--media-173dbd84-bf35-4311-be3a-7032cb3229b6\" href=\"https:\/\/alexandrediet.net\/wp-content\/uploads\/2026\/01\/T7-TD.pdf\" target=\"_blank\" rel=\"noreferrer noopener\">\ud83d\udcdd Travaux dirig\u00e9s<\/a><\/div>\n<\/div>\n<\/div>\n\n\n\n<div class=\"wp-block-columns is-layout-flex wp-container-core-columns-is-layout-9d6595d7 wp-block-columns-is-layout-flex\">\n<div class=\"wp-block-column is-layout-flow wp-block-column-is-layout-flow\">\n<div class=\"wp-block-file\"><a id=\"wp-block-file--media-5b88e357-db9a-4506-8767-6b56c93509fe\" href=\"https:\/\/alexandrediet.net\/wp-content\/uploads\/2026\/02\/7-Mecanique-des-fluides.pdf\" target=\"_blank\" rel=\"noreferrer noopener\">\ud83e\udde0 Fiche de r\u00e9visions<\/a><\/div>\n<\/div>\n\n\n\n<div class=\"wp-block-column is-layout-flow wp-block-column-is-layout-flow\">\n<div class=\"wp-block-file\"><a id=\"wp-block-file--media-67fef87d-cbd7-45e6-9746-319909f1b7c8\" href=\"https:\/\/alexandrediet.net\/wp-content\/uploads\/2026\/01\/QC-T7.pdf\" target=\"_blank\" rel=\"noreferrer noopener\">\u2753Questions de cours<\/a><\/div>\n<\/div>\n<\/div>\n\n\n\n<hr class=\"wp-block-separator has-alpha-channel-opacity\"\/>\n\n\n\n<h2 class=\"wp-block-heading\"><strong>Th\u00e8me 8 : Ph\u00e9nom\u00e8nes \u00e9lectriques<\/strong> \u26a1<\/h2>\n\n\n\n<p><strong>Contenus :<\/strong> Charges \u00e9lectriques, champ \u00e9lectrique, tension \u00e9lectrique, potentiel \u00e9lectrique, conduction \u00e9lectrique<\/p>\n\n\n\n<div class=\"wp-block-columns is-layout-flex wp-container-core-columns-is-layout-9d6595d7 wp-block-columns-is-layout-flex\">\n<div class=\"wp-block-column is-layout-flow wp-block-column-is-layout-flow\">\n<div class=\"wp-block-file\"><a id=\"wp-block-file--media-f1fb7863-c9ef-46eb-858d-a2021d695543\" href=\"https:\/\/alexandrediet.net\/wp-content\/uploads\/2026\/01\/Cours-T8.pdf\" target=\"_blank\" rel=\"noreferrer noopener\">\ud83d\udcd2 Cours \u00e0 compl\u00e9ter<\/a><\/div>\n<\/div>\n\n\n\n<div class=\"wp-block-column is-layout-flow wp-block-column-is-layout-flow\">\n<div class=\"wp-block-file\"><a id=\"wp-block-file--media-01695a30-90be-4110-b84c-0fce107eb375\" href=\"https:\/\/alexandrediet.net\/wp-content\/uploads\/2026\/01\/T8-TD.pdf\" target=\"_blank\" rel=\"noreferrer noopener\">\ud83d\udcdd Travaux dirig\u00e9s<\/a><\/div>\n<\/div>\n<\/div>\n\n\n\n<div class=\"wp-block-columns is-layout-flex wp-container-core-columns-is-layout-9d6595d7 wp-block-columns-is-layout-flex\">\n<div class=\"wp-block-column is-layout-flow wp-block-column-is-layout-flow\">\n<div class=\"wp-block-file\"><a id=\"wp-block-file--media-defbabeb-1d74-48f4-bbc9-2d6f844721f6\" href=\"https:\/\/alexandrediet.net\/wp-content\/uploads\/2026\/02\/8-Phenomenes-electriques.pdf\" target=\"_blank\" rel=\"noreferrer noopener\">\ud83e\udde0 Fiche de r\u00e9visions<\/a><\/div>\n<\/div>\n\n\n\n<div class=\"wp-block-column is-layout-flow wp-block-column-is-layout-flow\">\n<div class=\"wp-block-file\"><a id=\"wp-block-file--media-1e90620f-f50c-43c5-bab6-3d3fe645bed6\" href=\"https:\/\/alexandrediet.net\/wp-content\/uploads\/2026\/01\/QC-T8.pdf\" target=\"_blank\" rel=\"noreferrer noopener\">\u2753Questions de cours<\/a><\/div>\n<\/div>\n<\/div>\n\n\n\n<hr class=\"wp-block-separator has-alpha-channel-opacity\"\/>\n\n\n\n<h2 class=\"wp-block-heading\"><strong>Th\u00e8me 9 : Transferts thermiques<\/strong> \u2668\ufe0f<\/h2>\n\n\n\n<p><strong>Contenus :<\/strong> Conduction thermique, r\u00e9sistances thermiques, conducto-convection thermique, rayonnement thermique, effet de serre<\/p>\n\n\n\n<div class=\"wp-block-columns is-layout-flex wp-container-core-columns-is-layout-9d6595d7 wp-block-columns-is-layout-flex\">\n<div class=\"wp-block-column is-layout-flow wp-block-column-is-layout-flow\">\n<div class=\"wp-block-file\"><a id=\"wp-block-file--media-68dbaf53-b25a-4763-8367-51aa07f22319\" href=\"https:\/\/alexandrediet.net\/wp-content\/uploads\/2026\/02\/Cours-T9.pdf\" target=\"_blank\" rel=\"noreferrer noopener\">\ud83d\udcd2 Cours \u00e0 compl\u00e9ter<\/a><\/div>\n<\/div>\n\n\n\n<div class=\"wp-block-column is-layout-flow wp-block-column-is-layout-flow\">\n<div class=\"wp-block-file\"><a id=\"wp-block-file--media-0678205c-6452-4c72-85b8-f028882ed03c\" href=\"https:\/\/alexandrediet.net\/wp-content\/uploads\/2026\/02\/T9-TD.pdf\" target=\"_blank\" rel=\"noreferrer noopener\">\ud83d\udcdd Travaux dirig\u00e9s<\/a><\/div>\n<\/div>\n<\/div>\n\n\n\n<div class=\"wp-block-columns is-layout-flex wp-container-core-columns-is-layout-9d6595d7 wp-block-columns-is-layout-flex\">\n<div class=\"wp-block-column is-layout-flow wp-block-column-is-layout-flow\">\n<div class=\"wp-block-file\"><a id=\"wp-block-file--media-fa26dbdd-b58a-4131-8b40-87c10ab8d59b\" href=\"https:\/\/alexandrediet.net\/wp-content\/uploads\/2026\/02\/9-Transferts-thermiques.pdf\" target=\"_blank\" rel=\"noreferrer noopener\">\ud83e\udde0 Fiche de r\u00e9visions<\/a><\/div>\n<\/div>\n\n\n\n<div class=\"wp-block-column is-layout-flow wp-block-column-is-layout-flow\">\n<div class=\"wp-block-file\"><a id=\"wp-block-file--media-8076afa3-e7be-4832-959d-5b9e28b020c6\" href=\"https:\/\/alexandrediet.net\/wp-content\/uploads\/2026\/03\/QC-T9.pdf\" target=\"_blank\" rel=\"noreferrer noopener\">\u2753Questions de cours<\/a><\/div>\n<\/div>\n<\/div>\n\n\n\n<hr class=\"wp-block-separator has-alpha-channel-opacity\"\/>\n\n\n\n<h2 class=\"wp-block-heading\"><strong>Th\u00e8me 10 : Ph\u00e9nom\u00e8nes magn\u00e9tiques<\/strong> \ud83e\uddf2<\/h2>\n\n\n\n<p><strong>Contenus :<\/strong> Champ magn\u00e9tique, induction propre, induction mutuelle, \u00e9lectrom\u00e9canique<\/p>\n\n\n\n<div class=\"wp-block-columns is-layout-flex wp-container-core-columns-is-layout-9d6595d7 wp-block-columns-is-layout-flex\">\n<div class=\"wp-block-column is-layout-flow wp-block-column-is-layout-flow\">\n<div class=\"wp-block-file\"><a id=\"wp-block-file--media-44b5c7b2-e0f2-41ca-9c36-66866d89ec0d\" href=\"https:\/\/alexandrediet.net\/wp-content\/uploads\/2026\/03\/Cours-T10.pdf\" target=\"_blank\" rel=\"noreferrer noopener\">\ud83d\udcd2 Cours \u00e0 compl\u00e9ter<\/a><\/div>\n<\/div>\n\n\n\n<div class=\"wp-block-column is-layout-flow wp-block-column-is-layout-flow\">\n<div class=\"wp-block-file\"><a id=\"wp-block-file--media-0d5b865d-bcbe-4612-a13c-51431ec2a257\" href=\"https:\/\/alexandrediet.net\/wp-content\/uploads\/2026\/03\/T10-TD.pdf\" target=\"_blank\" rel=\"noreferrer noopener\">\ud83d\udcdd Travaux dirig\u00e9s<\/a><\/div>\n<\/div>\n<\/div>\n\n\n\n<div class=\"wp-block-columns is-layout-flex wp-container-core-columns-is-layout-9d6595d7 wp-block-columns-is-layout-flex\">\n<div class=\"wp-block-column is-layout-flow wp-block-column-is-layout-flow\"><\/div>\n\n\n\n<div class=\"wp-block-column is-layout-flow wp-block-column-is-layout-flow\">\n<div class=\"wp-block-file\"><a id=\"wp-block-file--media-ddaf2fec-dd84-4a05-bbe8-ee91941ae561\" href=\"https:\/\/alexandrediet.net\/wp-content\/uploads\/2026\/03\/QC-T10.pdf\" target=\"_blank\" rel=\"noreferrer noopener\">\u2753Questions de cours<\/a><\/div>\n<\/div>\n<\/div>\n\n\n\n<hr class=\"wp-block-separator has-alpha-channel-opacity\"\/>\n\n\n\n<h2 class=\"wp-block-heading\"><strong>Th\u00e8me 11 : Ondes<\/strong> \ud83d\udce1<\/h2>\n\n\n\n<p><strong>Contenus : <\/strong>\u00c9quation de d&rsquo;Alembert, ondes progressives, ondes stationnaires, propagation et \u00e9nergie des ondes \u00e9lectromagn\u00e9tiques dans le vide, effet photovolta\u00efque<\/p>\n\n\n\n<div class=\"wp-block-columns is-layout-flex wp-container-core-columns-is-layout-9d6595d7 wp-block-columns-is-layout-flex\">\n<div class=\"wp-block-column is-layout-flow wp-block-column-is-layout-flow\">\n<div class=\"wp-block-file\"><a id=\"wp-block-file--media-08d97ecc-f4c9-4d18-be45-888b5488fe19\" href=\"https:\/\/alexandrediet.net\/wp-content\/uploads\/2026\/03\/Cours-T11.pdf\" target=\"_blank\" rel=\"noreferrer noopener\">\ud83d\udcd2 Cours \u00e0 compl\u00e9ter<\/a><\/div>\n<\/div>\n\n\n\n<div class=\"wp-block-column is-layout-flow wp-block-column-is-layout-flow\">\n<div class=\"wp-block-file\"><a id=\"wp-block-file--media-d4b789f0-7e32-4913-bbde-f8feb6918f26\" href=\"https:\/\/alexandrediet.net\/wp-content\/uploads\/2026\/03\/T11-TD.pdf\" target=\"_blank\" rel=\"noreferrer noopener\">\ud83d\udcdd Travaux dirig\u00e9s<\/a><\/div>\n<\/div>\n<\/div>\n","protected":false},"excerpt":{"rendered":"<p>Progression Outils pour la physique \u269b\ufe0f Th\u00e8me 1 : \u00c9lectrocin\u00e9tique \ud83d\udd0b Contenus : Circuits en r\u00e9gime permanent, circuits en r\u00e9gime variable, circuits lin\u00e9aires du premier ordre, circuits lin\u00e9aires du deuxi\u00e8me ordre Th\u00e8me 2 : Structure et transformations de la mati\u00e8re \u269b\ufe0f Contenus : Description microscopique de la mati\u00e8re, transformation nucl\u00e9aires, physiques et chimiques Th\u00e8me 3 &hellip; <\/p>\n<p class=\"link-more\"><a href=\"https:\/\/alexandrediet.net\/index.php\/cours-et-td-de-physique-ats\/\" class=\"more-link\">Continuer la lecture<span class=\"screen-reader-text\"> de &laquo;&nbsp;Cours et TD de physique ATS&nbsp;&raquo;<\/span><\/a><\/p>\n","protected":false},"author":1,"featured_media":0,"parent":0,"menu_order":0,"comment_status":"closed","ping_status":"closed","template":"","meta":{"footnotes":""},"class_list":["post-223","page","type-page","status-publish","hentry"],"_links":{"self":[{"href":"https:\/\/alexandrediet.net\/index.php\/wp-json\/wp\/v2\/pages\/223","targetHints":{"allow":["GET"]}}],"collection":[{"href":"https:\/\/alexandrediet.net\/index.php\/wp-json\/wp\/v2\/pages"}],"about":[{"href":"https:\/\/alexandrediet.net\/index.php\/wp-json\/wp\/v2\/types\/page"}],"author":[{"embeddable":true,"href":"https:\/\/alexandrediet.net\/index.php\/wp-json\/wp\/v2\/users\/1"}],"replies":[{"embeddable":true,"href":"https:\/\/alexandrediet.net\/index.php\/wp-json\/wp\/v2\/comments?post=223"}],"version-history":[{"count":107,"href":"https:\/\/alexandrediet.net\/index.php\/wp-json\/wp\/v2\/pages\/223\/revisions"}],"predecessor-version":[{"id":745,"href":"https:\/\/alexandrediet.net\/index.php\/wp-json\/wp\/v2\/pages\/223\/revisions\/745"}],"wp:attachment":[{"href":"https:\/\/alexandrediet.net\/index.php\/wp-json\/wp\/v2\/media?parent=223"}],"curies":[{"name":"wp","href":"https:\/\/api.w.org\/{rel}","templated":true}]}}