{"id":20,"date":"2021-04-27T18:46:00","date_gmt":"2021-04-27T16:46:00","guid":{"rendered":"http:\/\/alexandrediet.net\/?page_id=20"},"modified":"2021-05-07T17:16:28","modified_gmt":"2021-05-07T15:16:28","slug":"accueil","status":"publish","type":"page","link":"https:\/\/alexandrediet.net\/","title":{"rendered":"Qu&rsquo;y a-t-il sur ce site ?"},"content":{"rendered":"\n<p>Ce site contient les documents ressources de physique que j&rsquo;ai pu produire pour mes \u00e9l\u00e8ves d&rsquo;ATS. Quelques ressources d&rsquo;accompagnement aux \u00e9l\u00e8ves souhaitant s&rsquo;engager en CPGE scientifique sont \u00e9galement pr\u00e9sentes dans l&rsquo;onglet Parcours Sciences.<\/p>\n\n\n\n<p>Vous pouvez acc\u00e9der aux ressources via le menu du haut.<\/p>\n","protected":false},"excerpt":{"rendered":"<p>Ce site contient les documents ressources de physique que j&rsquo;ai pu produire pour mes \u00e9l\u00e8ves d&rsquo;ATS. Quelques ressources d&rsquo;accompagnement aux \u00e9l\u00e8ves souhaitant s&rsquo;engager en CPGE scientifique sont \u00e9galement pr\u00e9sentes dans l&rsquo;onglet Parcours Sciences. Vous pouvez acc\u00e9der aux ressources via le menu du haut.<\/p>\n","protected":false},"author":1,"featured_media":0,"parent":0,"menu_order":0,"comment_status":"closed","ping_status":"closed","template":"","meta":{"footnotes":""},"class_list":["post-20","page","type-page","status-publish","hentry"],"_links":{"self":[{"href":"https:\/\/alexandrediet.net\/index.php\/wp-json\/wp\/v2\/pages\/20","targetHints":{"allow":["GET"]}}],"collection":[{"href":"https:\/\/alexandrediet.net\/index.php\/wp-json\/wp\/v2\/pages"}],"about":[{"href":"https:\/\/alexandrediet.net\/index.php\/wp-json\/wp\/v2\/types\/page"}],"author":[{"embeddable":true,"href":"https:\/\/alexandrediet.net\/index.php\/wp-json\/wp\/v2\/users\/1"}],"replies":[{"embeddable":true,"href":"https:\/\/alexandrediet.net\/index.php\/wp-json\/wp\/v2\/comments?post=20"}],"version-history":[{"count":3,"href":"https:\/\/alexandrediet.net\/index.php\/wp-json\/wp\/v2\/pages\/20\/revisions"}],"predecessor-version":[{"id":120,"href":"https:\/\/alexandrediet.net\/index.php\/wp-json\/wp\/v2\/pages\/20\/revisions\/120"}],"wp:attachment":[{"href":"https:\/\/alexandrediet.net\/index.php\/wp-json\/wp\/v2\/media?parent=20"}],"curies":[{"name":"wp","href":"https:\/\/api.w.org\/{rel}","templated":true}]}}