{"id":125,"date":"2021-06-02T17:48:00","date_gmt":"2021-06-02T15:48:00","guid":{"rendered":"http:\/\/alexandrediet.net\/?page_id=125"},"modified":"2023-06-04T18:21:07","modified_gmt":"2023-06-04T16:21:07","slug":"revisions-dete","status":"publish","type":"page","link":"https:\/\/alexandrediet.net\/index.php\/revisions-dete\/","title":{"rendered":"R\u00e9visions d&rsquo;\u00e9t\u00e9"},"content":{"rendered":"\n<p>Afin de rentrer en pleine forme mentale pour la rentr\u00e9e, vous pouvez t\u00e9l\u00e9charger et lire les deux documents suivants :<\/p>\n\n\n\n<div class=\"wp-block-file\"><a id=\"wp-block-file--media-4e90dd98-1130-4c33-b5d8-a243ca074180\" href=\"https:\/\/alexandrediet.net\/wp-content\/uploads\/2022\/06\/Revisions-dete-en-ATS.pdf\" target=\"_blank\" rel=\"noreferrer noopener\">R\u00e9viser les bases de calcul (en physique) pour la pr\u00e9pa ATS<\/a><\/div>\n\n\n\n<div class=\"wp-block-file\"><a id=\"wp-block-file--media-9bd46e58-a8d1-406f-b95b-2fa3f9a5a51f\" href=\"https:\/\/alexandrediet.net\/wp-content\/uploads\/2023\/06\/TOC1.pdf\" target=\"_blank\" rel=\"noreferrer noopener\">Chapitre sur les grandeurs et unit\u00e9s (premier chapitre de l&rsquo;ann\u00e9e)<\/a><\/div>\n\n\n\n<p><\/p>\n\n\n\n<p>La fiche de r\u00e9visions contient d\u00e9j\u00e0 des corrections et serait \u00e0 attaquer au fur et \u00e0 mesure de l&rsquo;\u00e9t\u00e9. Le chapitre 1 est \u00e0 lire (mais pas \u00e0 compl\u00e9ter) pour le premier cours de physique.<\/p>\n\n\n\n<p>Bon \u00e9t\u00e9 et \u00e0 bient\u00f4t ! \ud83c\udfd6\ufe0f<\/p>\n","protected":false},"excerpt":{"rendered":"<p>Afin de rentrer en pleine forme mentale pour la rentr\u00e9e, vous pouvez t\u00e9l\u00e9charger et lire les deux documents suivants : La fiche de r\u00e9visions contient d\u00e9j\u00e0 des corrections et serait \u00e0 attaquer au fur et \u00e0 mesure de l&rsquo;\u00e9t\u00e9. Le chapitre 1 est \u00e0 lire (mais pas \u00e0 compl\u00e9ter) pour le premier cours de physique. &hellip; <\/p>\n<p class=\"link-more\"><a href=\"https:\/\/alexandrediet.net\/index.php\/revisions-dete\/\" class=\"more-link\">Continuer la lecture<span class=\"screen-reader-text\"> de &laquo;&nbsp;R\u00e9visions d&rsquo;\u00e9t\u00e9&nbsp;&raquo;<\/span><\/a><\/p>\n","protected":false},"author":1,"featured_media":0,"parent":0,"menu_order":0,"comment_status":"closed","ping_status":"closed","template":"","meta":{"footnotes":""},"class_list":["post-125","page","type-page","status-publish","hentry"],"_links":{"self":[{"href":"https:\/\/alexandrediet.net\/index.php\/wp-json\/wp\/v2\/pages\/125","targetHints":{"allow":["GET"]}}],"collection":[{"href":"https:\/\/alexandrediet.net\/index.php\/wp-json\/wp\/v2\/pages"}],"about":[{"href":"https:\/\/alexandrediet.net\/index.php\/wp-json\/wp\/v2\/types\/page"}],"author":[{"embeddable":true,"href":"https:\/\/alexandrediet.net\/index.php\/wp-json\/wp\/v2\/users\/1"}],"replies":[{"embeddable":true,"href":"https:\/\/alexandrediet.net\/index.php\/wp-json\/wp\/v2\/comments?post=125"}],"version-history":[{"count":7,"href":"https:\/\/alexandrediet.net\/index.php\/wp-json\/wp\/v2\/pages\/125\/revisions"}],"predecessor-version":[{"id":401,"href":"https:\/\/alexandrediet.net\/index.php\/wp-json\/wp\/v2\/pages\/125\/revisions\/401"}],"wp:attachment":[{"href":"https:\/\/alexandrediet.net\/index.php\/wp-json\/wp\/v2\/media?parent=125"}],"curies":[{"name":"wp","href":"https:\/\/api.w.org\/{rel}","templated":true}]}}