{"id":117,"date":"2021-05-07T17:12:07","date_gmt":"2021-05-07T15:12:07","guid":{"rendered":"http:\/\/alexandrediet.net\/?page_id=117"},"modified":"2021-05-07T17:12:07","modified_gmt":"2021-05-07T15:12:07","slug":"parcours-sciences","status":"publish","type":"page","link":"https:\/\/alexandrediet.net\/index.php\/parcours-sciences\/","title":{"rendered":"Parcours Sciences"},"content":{"rendered":"\n<p>Ressources distribu\u00e9es pour le module de pr\u00e9paration \u00e0 l&rsquo;enseignement sup\u00e9rieur scientifique (Parcours Sciences) du lyc\u00e9e Louise Michel de Champigny-sur-Marne.<\/p>\n\n\n\n<ul class=\"wp-block-list\"><li>Optique g\u00e9om\u00e9trique 1 : <a href=\"https:\/\/alexandrediet.net\/wp-content\/uploads\/2021\/05\/Optique%20g%C3%A9om%C3%A9trique\/Optique%20g%c3%a9om%c3%a9trique%201.pdf\" data-type=\"URL\" data-id=\"https:\/\/alexandrediet.net\/wp-content\/uploads\/2021\/05\/Optique%20g%C3%A9om%C3%A9trique\/Optique%20g%c3%a9om%c3%a9trique%201.pdf\" target=\"_blank\" rel=\"noreferrer noopener\">Lois de Snell-Descartes et application aux fibres optiques<\/a><\/li><li>Optique g\u00e9om\u00e9trique 2 : <a href=\"https:\/\/alexandrediet.net\/wp-content\/uploads\/2021\/05\/Optique%20g%C3%A9om%C3%A9trique\/Optique%20g%c3%a9om%c3%a9trique%202.pdf\" data-type=\"URL\" data-id=\"https:\/\/alexandrediet.net\/wp-content\/uploads\/2021\/05\/Optique%20g%C3%A9om%C3%A9trique\/Optique%20g%c3%a9om%c3%a9trique%202.pdf\" target=\"_blank\" rel=\"noreferrer noopener\">Lentilles convergentes et focom\u00e9trie<\/a><\/li><\/ul>\n\n\n\n<ul class=\"wp-block-list\"><li>M\u00e9canique 1 : <a href=\"https:\/\/alexandrediet.net\/wp-content\/uploads\/2021\/05\/M%c3%a9canique\/M1%20-%20Mouvements%20elliptiques%20et%20applications%20aux%20lois%20de%20Kepler.pdf\" data-type=\"URL\" data-id=\"https:\/\/alexandrediet.net\/wp-content\/uploads\/2021\/05\/M%c3%a9canique\/M1%20-%20Mouvements%20elliptiques%20et%20applications%20aux%20lois%20de%20Kepler.pdf\">Mouvements elliptiques et applications aux lois de Kepler<\/a><\/li><li>M\u00e9canique 2 : <a href=\"https:\/\/alexandrediet.net\/wp-content\/uploads\/2021\/05\/M%c3%a9canique\/M2%20-%20Frottements%20solides%20et%20fluides.pdf\" data-type=\"URL\" data-id=\"https:\/\/alexandrediet.net\/wp-content\/uploads\/2021\/05\/M%c3%a9canique\/M2%20-%20Frottements%20solides%20et%20fluides.pdf\" target=\"_blank\" rel=\"noreferrer noopener\">Frottements solides et fluides<\/a><\/li><\/ul>\n\n\n\n<ul class=\"wp-block-list\"><li>Ondes 1 : <a href=\"https:\/\/alexandrediet.net\/wp-content\/uploads\/2021\/05\/Ondes\/Ondes%201%20-%20Ondes%20confin%c3%a9es.pdf\" data-type=\"URL\" data-id=\"https:\/\/alexandrediet.net\/wp-content\/uploads\/2021\/05\/Ondes\/Ondes%201%20-%20Ondes%20confin%c3%a9es.pdf\" target=\"_blank\" rel=\"noreferrer noopener\">Ondes confin\u00e9es et puits quantiques<\/a><\/li><li>Ondes 2 : <a href=\"https:\/\/alexandrediet.net\/wp-content\/uploads\/2021\/05\/Ondes\/Ondes%202%20-%20Interf%c3%a9rences%20lumineuses.pdf\" data-type=\"URL\" data-id=\"https:\/\/alexandrediet.net\/wp-content\/uploads\/2021\/05\/Ondes\/Ondes%202%20-%20Interf%c3%a9rences%20lumineuses.pdf\" target=\"_blank\" rel=\"noreferrer noopener\">Interf\u00e9rences lumineuses<\/a><\/li><\/ul>\n","protected":false},"excerpt":{"rendered":"<p>Ressources distribu\u00e9es pour le module de pr\u00e9paration \u00e0 l&rsquo;enseignement sup\u00e9rieur scientifique (Parcours Sciences) du lyc\u00e9e Louise Michel de Champigny-sur-Marne. Optique g\u00e9om\u00e9trique 1 : Lois de Snell-Descartes et application aux fibres optiques Optique g\u00e9om\u00e9trique 2 : Lentilles convergentes et focom\u00e9trie M\u00e9canique 1 : Mouvements elliptiques et applications aux lois de Kepler M\u00e9canique 2 : Frottements solides &hellip; <\/p>\n<p class=\"link-more\"><a href=\"https:\/\/alexandrediet.net\/index.php\/parcours-sciences\/\" class=\"more-link\">Continuer la lecture<span class=\"screen-reader-text\"> de &laquo;&nbsp;Parcours Sciences&nbsp;&raquo;<\/span><\/a><\/p>\n","protected":false},"author":1,"featured_media":0,"parent":0,"menu_order":0,"comment_status":"closed","ping_status":"closed","template":"","meta":{"footnotes":""},"class_list":["post-117","page","type-page","status-publish","hentry"],"_links":{"self":[{"href":"https:\/\/alexandrediet.net\/index.php\/wp-json\/wp\/v2\/pages\/117","targetHints":{"allow":["GET"]}}],"collection":[{"href":"https:\/\/alexandrediet.net\/index.php\/wp-json\/wp\/v2\/pages"}],"about":[{"href":"https:\/\/alexandrediet.net\/index.php\/wp-json\/wp\/v2\/types\/page"}],"author":[{"embeddable":true,"href":"https:\/\/alexandrediet.net\/index.php\/wp-json\/wp\/v2\/users\/1"}],"replies":[{"embeddable":true,"href":"https:\/\/alexandrediet.net\/index.php\/wp-json\/wp\/v2\/comments?post=117"}],"version-history":[{"count":1,"href":"https:\/\/alexandrediet.net\/index.php\/wp-json\/wp\/v2\/pages\/117\/revisions"}],"predecessor-version":[{"id":118,"href":"https:\/\/alexandrediet.net\/index.php\/wp-json\/wp\/v2\/pages\/117\/revisions\/118"}],"wp:attachment":[{"href":"https:\/\/alexandrediet.net\/index.php\/wp-json\/wp\/v2\/media?parent=117"}],"curies":[{"name":"wp","href":"https:\/\/api.w.org\/{rel}","templated":true}]}}